{"id":65535,"date":"2023-03-17T18:03:47","date_gmt":"2023-03-17T18:03:47","guid":{"rendered":"https:\/\/agenciamarketingdigitalmiamifl.com\/?page_id=65535"},"modified":"2024-09-25T14:32:29","modified_gmt":"2024-09-25T14:32:29","slug":"comunicacion","status":"publish","type":"page","link":"https:\/\/agenciamarketingdigitalmiamifl.com\/en\/comunicacion\/","title":{"rendered":"Communication"},"content":{"rendered":"<div data-elementor-type=\"wp-page\" data-elementor-id=\"65535\" class=\"elementor elementor-65535\" data-elementor-post-type=\"page\">\n\t\t\t\t\t\t<section class=\"elementor-section elementor-top-section elementor-element elementor-element-1d53eca1 elementor-section-boxed elementor-section-height-default elementor-section-height-default elementor-invisible\" data-id=\"1d53eca1\" data-element_type=\"section\" data-e-type=\"section\" data-settings=\"{&quot;animation&quot;:&quot;fadeIn&quot;}\">\n\t\t\t\t\t\t\t<div class=\"elementor-background-overlay\"><\/div>\n\t\t\t\t\t\t\t<div class=\"elementor-container elementor-column-gap-default\">\n\t\t\t\t\t<div class=\"elementor-column elementor-col-100 elementor-top-column elementor-element elementor-element-7415c26b elementor-invisible\" data-id=\"7415c26b\" data-element_type=\"column\" data-e-type=\"column\" data-settings=\"{&quot;background_background&quot;:&quot;classic&quot;,&quot;animation&quot;:&quot;fadeIn&quot;}\">\n\t\t\t<div class=\"elementor-widget-wrap elementor-element-populated\">\n\t\t\t\t\t<div class=\"elementor-background-overlay\"><\/div>\n\t\t\t\t\t\t<div class=\"elementor-element elementor-element-614c996a elementor-invisible elementor-widget elementor-widget-heading\" data-id=\"614c996a\" data-element_type=\"widget\" data-e-type=\"widget\" data-settings=\"{&quot;_animation&quot;:&quot;fadeInUp&quot;}\" data-widget_type=\"heading.default\">\n\t\t\t\t<div class=\"elementor-widget-container\">\n\t\t\t\t\t<div class=\"elementor-heading-title elementor-size-default\">Perspectives<\/div>\t\t\t\t<\/div>\n\t\t\t\t<\/div>\n\t\t\t\t<div class=\"elementor-element elementor-element-434d2a21 elementor-invisible elementor-widget elementor-widget-heading\" data-id=\"434d2a21\" data-element_type=\"widget\" data-e-type=\"widget\" data-settings=\"{&quot;_animation&quot;:&quot;fadeInUp&quot;}\" data-widget_type=\"heading.default\">\n\t\t\t\t<div class=\"elementor-widget-container\">\n\t\t\t\t\t<h1 class=\"elementor-heading-title elementor-size-default\">Communication <\/h1>\t\t\t\t<\/div>\n\t\t\t\t<\/div>\n\t\t\t\t<div class=\"elementor-element elementor-element-1fe1f74b elementor-invisible elementor-widget elementor-widget-text-editor\" data-id=\"1fe1f74b\" data-element_type=\"widget\" data-e-type=\"widget\" data-settings=\"{&quot;_animation&quot;:&quot;fadeInUp&quot;}\" data-widget_type=\"text-editor.default\">\n\t\t\t\t<div class=\"elementor-widget-container\">\n\t\t\t\t\t\t\t\t\t<p>Stay up to date with the latest trends and improve your online presence!<\/p>\t\t\t\t\t\t\t\t<\/div>\n\t\t\t\t<\/div>\n\t\t\t\t\t<\/div>\n\t\t<\/div>\n\t\t\t\t\t<\/div>\n\t\t<\/section>\n\t\t\t\t<section class=\"elementor-section elementor-top-section elementor-element elementor-element-713cf612 elementor-section-boxed elementor-section-height-default elementor-section-height-default\" data-id=\"713cf612\" data-element_type=\"section\" data-e-type=\"section\">\n\t\t\t\t\t\t<div class=\"elementor-container elementor-column-gap-default\">\n\t\t\t\t\t<div class=\"elementor-column elementor-col-100 elementor-top-column elementor-element elementor-element-a43f089\" data-id=\"a43f089\" data-element_type=\"column\" data-e-type=\"column\">\n\t\t\t<div class=\"elementor-widget-wrap elementor-element-populated\">\n\t\t\t\t\t\t<div class=\"elementor-element elementor-element-379ce665 elementor-widget elementor-widget-text-editor\" data-id=\"379ce665\" data-element_type=\"widget\" data-e-type=\"widget\" data-widget_type=\"text-editor.default\">\n\t\t\t\t<div class=\"elementor-widget-container\">\n\t\t\t\t\t\t\t\t\t\n<div id=\"wa-intcode-media_room-7ce8556332cda5b0dc0d8de18fe54a6c\" data-src=\"https:\/\/brandassets.app\"><\/div>\n<script src=\"https:\/\/brandassets.app\/external\/integration\/7ce8556332cda5b0dc0d8de18fe54a6c\" defer=\"\"><\/script>\n\t\t\t\t\t\t\t\t<\/div>\n\t\t\t\t<\/div>\n\t\t\t\t\t<\/div>\n\t\t<\/div>\n\t\t\t\t\t<\/div>\n\t\t<\/section>\n\t\t\t\t<\/div>","protected":false},"excerpt":{"rendered":"<p>Perspectivas Comunicaci\u00f3n \u00a1Mantente al d\u00eda con las \u00faltimas tendencias y mejora tu presencia en l\u00ednea!<\/p>","protected":false},"author":2,"featured_media":0,"parent":0,"menu_order":0,"comment_status":"closed","ping_status":"closed","template":"elementor_header_footer","meta":{"_monsterinsights_skip_tracking":false,"_monsterinsights_sitenote_active":false,"_monsterinsights_sitenote_note":"","_monsterinsights_sitenote_category":0,"footnotes":""},"class_list":["post-65535","page","type-page","status-publish","hentry"],"yoast_head":"<!-- This site is optimized with the Yoast SEO plugin v27.3 - https:\/\/yoast.com\/product\/yoast-seo-wordpress\/ -->\n<title>Comunicacion - Agencia De Marketing Digital Miami<\/title>\n<meta name=\"robots\" content=\"index, follow, max-snippet:-1, max-image-preview:large, max-video-preview:-1\" \/>\n<link rel=\"canonical\" href=\"https:\/\/agenciamarketingdigitalmiamifl.com\/en\/comunicacion\/\" \/>\n<meta property=\"og:locale\" content=\"en_US\" \/>\n<meta property=\"og:type\" content=\"article\" \/>\n<meta property=\"og:title\" content=\"Comunicacion - Agencia De Marketing Digital Miami\" \/>\n<meta property=\"og:description\" content=\"Perspectivas Comunicaci\u00f3n \u00a1Mantente al d\u00eda con las \u00faltimas tendencias y mejora tu presencia en l\u00ednea!\" \/>\n<meta property=\"og:url\" content=\"https:\/\/agenciamarketingdigitalmiamifl.com\/en\/comunicacion\/\" \/>\n<meta property=\"og:site_name\" content=\"Agencia De Marketing Digital Miami\" \/>\n<meta property=\"article:modified_time\" content=\"2024-09-25T14:32:29+00:00\" \/>\n<meta name=\"twitter:card\" content=\"summary_large_image\" \/>\n<meta name=\"twitter:label1\" content=\"Est. reading time\" \/>\n\t<meta name=\"twitter:data1\" content=\"2 minutes\" \/>\n<script type=\"application\/ld+json\" class=\"yoast-schema-graph\">{\"@context\":\"https:\\\/\\\/schema.org\",\"@graph\":[{\"@type\":\"WebPage\",\"@id\":\"https:\\\/\\\/agenciamarketingdigitalmiamifl.com\\\/comunicacion\\\/\",\"url\":\"https:\\\/\\\/agenciamarketingdigitalmiamifl.com\\\/comunicacion\\\/\",\"name\":\"Comunicacion - Agencia De Marketing Digital Miami\",\"isPartOf\":{\"@id\":\"https:\\\/\\\/agenciamarketingdigitalmiamifl.com\\\/#website\"},\"datePublished\":\"2023-03-17T18:03:47+00:00\",\"dateModified\":\"2024-09-25T14:32:29+00:00\",\"breadcrumb\":{\"@id\":\"https:\\\/\\\/agenciamarketingdigitalmiamifl.com\\\/comunicacion\\\/#breadcrumb\"},\"inLanguage\":\"en-US\",\"potentialAction\":[{\"@type\":\"ReadAction\",\"target\":[\"https:\\\/\\\/agenciamarketingdigitalmiamifl.com\\\/comunicacion\\\/\"]}]},{\"@type\":\"BreadcrumbList\",\"@id\":\"https:\\\/\\\/agenciamarketingdigitalmiamifl.com\\\/comunicacion\\\/#breadcrumb\",\"itemListElement\":[{\"@type\":\"ListItem\",\"position\":1,\"name\":\"Home\",\"item\":\"https:\\\/\\\/agenciamarketingdigitalmiamifl.com\\\/\"},{\"@type\":\"ListItem\",\"position\":2,\"name\":\"Comunicacion\"}]},{\"@type\":\"WebSite\",\"@id\":\"https:\\\/\\\/agenciamarketingdigitalmiamifl.com\\\/#website\",\"url\":\"https:\\\/\\\/agenciamarketingdigitalmiamifl.com\\\/\",\"name\":\"Agencia De Marketing Digital Miami\",\"description\":\"En Agencia De Marketing Digital Miami Nuestra funci\u00f3n es que usted logre sus objetivos\",\"publisher\":{\"@id\":\"https:\\\/\\\/agenciamarketingdigitalmiamifl.com\\\/#organization\"},\"potentialAction\":[{\"@type\":\"SearchAction\",\"target\":{\"@type\":\"EntryPoint\",\"urlTemplate\":\"https:\\\/\\\/agenciamarketingdigitalmiamifl.com\\\/?s={search_term_string}\"},\"query-input\":{\"@type\":\"PropertyValueSpecification\",\"valueRequired\":true,\"valueName\":\"search_term_string\"}}],\"inLanguage\":\"en-US\"},{\"@type\":\"Organization\",\"@id\":\"https:\\\/\\\/agenciamarketingdigitalmiamifl.com\\\/#organization\",\"name\":\"Agencia De Marketing Digital Miami\",\"url\":\"https:\\\/\\\/agenciamarketingdigitalmiamifl.com\\\/\",\"logo\":{\"@type\":\"ImageObject\",\"inLanguage\":\"en-US\",\"@id\":\"https:\\\/\\\/agenciamarketingdigitalmiamifl.com\\\/#\\\/schema\\\/logo\\\/image\\\/\",\"url\":\"https:\\\/\\\/agenciamarketingdigitalmiamifl.com\\\/wp-content\\\/uploads\\\/2024\\\/09\\\/cropped-Logo.webp\",\"contentUrl\":\"https:\\\/\\\/agenciamarketingdigitalmiamifl.com\\\/wp-content\\\/uploads\\\/2024\\\/09\\\/cropped-Logo.webp\",\"width\":290,\"height\":200,\"caption\":\"Agencia De Marketing Digital Miami\"},\"image\":{\"@id\":\"https:\\\/\\\/agenciamarketingdigitalmiamifl.com\\\/#\\\/schema\\\/logo\\\/image\\\/\"}}]}<\/script>\n<!-- \/ Yoast SEO plugin. -->","yoast_head_json":{"title":"Comunicacion - Agencia De Marketing Digital Miami","robots":{"index":"index","follow":"follow","max-snippet":"max-snippet:-1","max-image-preview":"max-image-preview:large","max-video-preview":"max-video-preview:-1"},"canonical":"https:\/\/agenciamarketingdigitalmiamifl.com\/en\/comunicacion\/","og_locale":"en_US","og_type":"article","og_title":"Comunicacion - Agencia De Marketing Digital Miami","og_description":"Perspectivas Comunicaci\u00f3n \u00a1Mantente al d\u00eda con las \u00faltimas tendencias y mejora tu presencia en l\u00ednea!","og_url":"https:\/\/agenciamarketingdigitalmiamifl.com\/en\/comunicacion\/","og_site_name":"Agencia De Marketing Digital Miami","article_modified_time":"2024-09-25T14:32:29+00:00","twitter_card":"summary_large_image","twitter_misc":{"Est. reading time":"2 minutes"},"schema":{"@context":"https:\/\/schema.org","@graph":[{"@type":"WebPage","@id":"https:\/\/agenciamarketingdigitalmiamifl.com\/comunicacion\/","url":"https:\/\/agenciamarketingdigitalmiamifl.com\/comunicacion\/","name":"Comunicacion - Agencia De Marketing Digital Miami","isPartOf":{"@id":"https:\/\/agenciamarketingdigitalmiamifl.com\/#website"},"datePublished":"2023-03-17T18:03:47+00:00","dateModified":"2024-09-25T14:32:29+00:00","breadcrumb":{"@id":"https:\/\/agenciamarketingdigitalmiamifl.com\/comunicacion\/#breadcrumb"},"inLanguage":"en-US","potentialAction":[{"@type":"ReadAction","target":["https:\/\/agenciamarketingdigitalmiamifl.com\/comunicacion\/"]}]},{"@type":"BreadcrumbList","@id":"https:\/\/agenciamarketingdigitalmiamifl.com\/comunicacion\/#breadcrumb","itemListElement":[{"@type":"ListItem","position":1,"name":"Home","item":"https:\/\/agenciamarketingdigitalmiamifl.com\/"},{"@type":"ListItem","position":2,"name":"Comunicacion"}]},{"@type":"WebSite","@id":"https:\/\/agenciamarketingdigitalmiamifl.com\/#website","url":"https:\/\/agenciamarketingdigitalmiamifl.com\/","name":"Agencia De Marketing Digital Miami","description":"En Agencia De Marketing Digital Miami Nuestra funci\u00f3n es que usted logre sus objetivos","publisher":{"@id":"https:\/\/agenciamarketingdigitalmiamifl.com\/#organization"},"potentialAction":[{"@type":"SearchAction","target":{"@type":"EntryPoint","urlTemplate":"https:\/\/agenciamarketingdigitalmiamifl.com\/?s={search_term_string}"},"query-input":{"@type":"PropertyValueSpecification","valueRequired":true,"valueName":"search_term_string"}}],"inLanguage":"en-US"},{"@type":"Organization","@id":"https:\/\/agenciamarketingdigitalmiamifl.com\/#organization","name":"Agencia De Marketing Digital Miami","url":"https:\/\/agenciamarketingdigitalmiamifl.com\/","logo":{"@type":"ImageObject","inLanguage":"en-US","@id":"https:\/\/agenciamarketingdigitalmiamifl.com\/#\/schema\/logo\/image\/","url":"https:\/\/agenciamarketingdigitalmiamifl.com\/wp-content\/uploads\/2024\/09\/cropped-Logo.webp","contentUrl":"https:\/\/agenciamarketingdigitalmiamifl.com\/wp-content\/uploads\/2024\/09\/cropped-Logo.webp","width":290,"height":200,"caption":"Agencia De Marketing Digital Miami"},"image":{"@id":"https:\/\/agenciamarketingdigitalmiamifl.com\/#\/schema\/logo\/image\/"}}]}},"_links":{"self":[{"href":"https:\/\/agenciamarketingdigitalmiamifl.com\/en\/wp-json\/wp\/v2\/pages\/65535","targetHints":{"allow":["GET"]}}],"collection":[{"href":"https:\/\/agenciamarketingdigitalmiamifl.com\/en\/wp-json\/wp\/v2\/pages"}],"about":[{"href":"https:\/\/agenciamarketingdigitalmiamifl.com\/en\/wp-json\/wp\/v2\/types\/page"}],"author":[{"embeddable":true,"href":"https:\/\/agenciamarketingdigitalmiamifl.com\/en\/wp-json\/wp\/v2\/users\/2"}],"replies":[{"embeddable":true,"href":"https:\/\/agenciamarketingdigitalmiamifl.com\/en\/wp-json\/wp\/v2\/comments?post=65535"}],"version-history":[{"count":0,"href":"https:\/\/agenciamarketingdigitalmiamifl.com\/en\/wp-json\/wp\/v2\/pages\/65535\/revisions"}],"wp:attachment":[{"href":"https:\/\/agenciamarketingdigitalmiamifl.com\/en\/wp-json\/wp\/v2\/media?parent=65535"}],"curies":[{"name":"wp","href":"https:\/\/api.w.org\/{rel}","templated":true}]}}