{"id":1795,"date":"2021-02-01T21:44:02","date_gmt":"2021-02-01T21:44:02","guid":{"rendered":"https:\/\/agenciamarketingdigitalmiamifl.com\/?page_id=1795"},"modified":"2024-09-16T13:55:48","modified_gmt":"2024-09-16T13:55:48","slug":"gracias","status":"publish","type":"page","link":"https:\/\/agenciamarketingdigitalmiamifl.com\/en\/gracias\/","title":{"rendered":"Gracias"},"content":{"rendered":"<div data-elementor-type=\"wp-page\" data-elementor-id=\"1795\" class=\"elementor elementor-1795\" data-elementor-post-type=\"page\">\n\t\t\t\t\t\t<section class=\"elementor-section elementor-top-section elementor-element elementor-element-3d831a2e elementor-reverse-mobile elementor-section-boxed elementor-section-height-default elementor-section-height-default elementor-invisible\" data-id=\"3d831a2e\" data-element_type=\"section\" data-e-type=\"section\" data-settings=\"{&quot;animation&quot;:&quot;fadeIn&quot;}\">\n\t\t\t\t\t\t<div class=\"elementor-container elementor-column-gap-default\">\n\t\t\t\t\t<div class=\"elementor-column elementor-col-50 elementor-top-column elementor-element elementor-element-747e420f\" data-id=\"747e420f\" data-element_type=\"column\" data-e-type=\"column\">\n\t\t\t<div class=\"elementor-widget-wrap elementor-element-populated\">\n\t\t\t\t\t\t<div class=\"elementor-element elementor-element-3b923a8b elementor-invisible elementor-widget elementor-widget-heading\" data-id=\"3b923a8b\" data-element_type=\"widget\" data-e-type=\"widget\" data-settings=\"{&quot;_animation&quot;:&quot;fadeInUp&quot;}\" data-widget_type=\"heading.default\">\n\t\t\t\t<div class=\"elementor-widget-container\">\n\t\t\t\t\t<h6 class=\"elementor-heading-title elementor-size-default\">Many<\/h6>\t\t\t\t<\/div>\n\t\t\t\t<\/div>\n\t\t\t\t<div class=\"elementor-element elementor-element-42ef7a23 elementor-invisible elementor-widget elementor-widget-heading\" data-id=\"42ef7a23\" data-element_type=\"widget\" data-e-type=\"widget\" data-settings=\"{&quot;_animation&quot;:&quot;fadeInUp&quot;}\" data-widget_type=\"heading.default\">\n\t\t\t\t<div class=\"elementor-widget-container\">\n\t\t\t\t\t<h1 class=\"elementor-heading-title elementor-size-default\">Thank you for your communication.<\/h1>\t\t\t\t<\/div>\n\t\t\t\t<\/div>\n\t\t\t\t<div class=\"elementor-element elementor-element-54024a74 elementor-invisible elementor-widget elementor-widget-text-editor\" data-id=\"54024a74\" data-element_type=\"widget\" data-e-type=\"widget\" data-settings=\"{&quot;_animation&quot;:&quot;fadeInUp&quot;}\" data-widget_type=\"text-editor.default\">\n\t\t\t\t<div class=\"elementor-widget-container\">\n\t\t\t\t\t\t\t\t\t<p>A member of our team will be following up on your request.<\/p>\t\t\t\t\t\t\t\t<\/div>\n\t\t\t\t<\/div>\n\t\t\t\t\t<\/div>\n\t\t<\/div>\n\t\t\t\t<div class=\"elementor-column elementor-col-50 elementor-top-column elementor-element elementor-element-1183e66a\" data-id=\"1183e66a\" data-element_type=\"column\" data-e-type=\"column\">\n\t\t\t<div class=\"elementor-widget-wrap elementor-element-populated\">\n\t\t\t\t\t\t<div class=\"elementor-element elementor-element-7811a710 elementor-invisible elementor-widget elementor-widget-image\" data-id=\"7811a710\" data-element_type=\"widget\" data-e-type=\"widget\" data-settings=\"{&quot;_animation&quot;:&quot;fadeInUp&quot;}\" data-widget_type=\"image.default\">\n\t\t\t\t<div class=\"elementor-widget-container\">\n\t\t\t\t\t\t\t\t\t\t\t\t\t\t\t<img decoding=\"async\" src=\"https:\/\/agenciamarketingdigitalmiamifl.com\/wp-content\/uploads\/2024\/09\/Mercadeo-digital-de-resultados-en-miami.webp\" title=\"\" alt=\"\" loading=\"lazy\" \/>\t\t\t\t\t\t\t\t\t\t\t\t\t\t\t<\/div>\n\t\t\t\t<\/div>\n\t\t\t\t<div class=\"elementor-element elementor-element-2e043bf2 elementor-align-center elementor-icon-list--layout-inline elementor-list-item-link-full_width elementor-invisible elementor-widget elementor-widget-icon-list\" data-id=\"2e043bf2\" data-element_type=\"widget\" data-e-type=\"widget\" data-settings=\"{&quot;_animation&quot;:&quot;fadeInUp&quot;}\" data-widget_type=\"icon-list.default\">\n\t\t\t\t<div class=\"elementor-widget-container\">\n\t\t\t\t\t\t\t<ul class=\"elementor-icon-list-items elementor-inline-items\">\n\t\t\t\t\t\t\t<li class=\"elementor-icon-list-item elementor-inline-item\">\n\t\t\t\t\t\t\t\t\t\t\t<a href=\"#\">\n\n\t\t\t\t\t\t\t\t\t\t\t\t<span class=\"elementor-icon-list-icon\">\n\t\t\t\t\t\t\t<i aria-hidden=\"true\" class=\"icon icon-briefcase1\"><\/i>\t\t\t\t\t\t<\/span>\n\t\t\t\t\t\t\t\t\t\t<span class=\"elementor-icon-list-text\">bert@grupo-gerencial.com<\/span>\n\t\t\t\t\t\t\t\t\t\t\t<\/a>\n\t\t\t\t\t\t\t\t\t<\/li>\n\t\t\t\t\t\t\t\t<li class=\"elementor-icon-list-item elementor-inline-item\">\n\t\t\t\t\t\t\t\t\t\t\t<span class=\"elementor-icon-list-icon\">\n\t\t\t\t\t\t\t<i aria-hidden=\"true\" class=\"icon icon-calendar-1\"><\/i>\t\t\t\t\t\t<\/span>\n\t\t\t\t\t\t\t\t\t\t<span class=\"elementor-icon-list-text\">+305-896-5896<\/span>\n\t\t\t\t\t\t\t\t\t<\/li>\n\t\t\t\t\t\t<\/ul>\n\t\t\t\t\t\t<\/div>\n\t\t\t\t<\/div>\n\t\t\t\t\t<\/div>\n\t\t<\/div>\n\t\t\t\t\t<\/div>\n\t\t<\/section>\n\t\t\t\t<\/div>","protected":false},"excerpt":{"rendered":"<p>Muchas Gracias por su comunicaci\u00f3n. Un miembro de nuestro equipo estar\u00e1 d\u00e1ndole seguimiento a su solicitud. bert@grupo-gerencial.com +305-896-5896<\/p>","protected":false},"author":2,"featured_media":0,"parent":0,"menu_order":900,"comment_status":"closed","ping_status":"closed","template":"elementor_header_footer","meta":{"_monsterinsights_skip_tracking":false,"_monsterinsights_sitenote_active":false,"_monsterinsights_sitenote_note":"","_monsterinsights_sitenote_category":0,"footnotes":""},"class_list":["post-1795","page","type-page","status-publish","hentry"],"yoast_head":"<!-- This site is optimized with the Yoast SEO plugin v27.6 - https:\/\/yoast.com\/product\/yoast-seo-wordpress\/ -->\n<title>Gracias - Agencia De Marketing Digital Miami<\/title>\n<meta name=\"robots\" content=\"index, follow, max-snippet:-1, max-image-preview:large, max-video-preview:-1\" \/>\n<link rel=\"canonical\" href=\"https:\/\/agenciamarketingdigitalmiamifl.com\/en\/gracias\/\" \/>\n<meta property=\"og:locale\" content=\"en_US\" \/>\n<meta property=\"og:type\" content=\"article\" \/>\n<meta property=\"og:title\" content=\"Gracias - Agencia De Marketing Digital Miami\" \/>\n<meta property=\"og:description\" content=\"Muchas Gracias por su comunicaci\u00f3n. Un miembro de nuestro equipo estar\u00e1 d\u00e1ndole seguimiento a su solicitud. bert@grupo-gerencial.com +305-896-5896\" \/>\n<meta property=\"og:url\" content=\"https:\/\/agenciamarketingdigitalmiamifl.com\/en\/gracias\/\" \/>\n<meta property=\"og:site_name\" content=\"Agencia De Marketing Digital Miami\" \/>\n<meta property=\"article:modified_time\" content=\"2024-09-16T13:55:48+00:00\" \/>\n<meta property=\"og:image\" content=\"https:\/\/agenciamarketingdigitalmiamifl.com\/wp-content\/uploads\/2024\/09\/Mercadeo-digital-de-resultados-en-miami.webp\" \/>\n<meta name=\"twitter:card\" content=\"summary_large_image\" \/>\n<meta name=\"twitter:label1\" content=\"Est. reading time\" \/>\n\t<meta name=\"twitter:data1\" content=\"1 minute\" \/>\n<script type=\"application\/ld+json\" class=\"yoast-schema-graph\">{\"@context\":\"https:\\\/\\\/schema.org\",\"@graph\":[{\"@type\":\"WebPage\",\"@id\":\"https:\\\/\\\/agenciamarketingdigitalmiamifl.com\\\/gracias\\\/\",\"url\":\"https:\\\/\\\/agenciamarketingdigitalmiamifl.com\\\/gracias\\\/\",\"name\":\"Gracias - Agencia De Marketing Digital Miami\",\"isPartOf\":{\"@id\":\"https:\\\/\\\/agenciamarketingdigitalmiamifl.com\\\/#website\"},\"primaryImageOfPage\":{\"@id\":\"https:\\\/\\\/agenciamarketingdigitalmiamifl.com\\\/gracias\\\/#primaryimage\"},\"image\":{\"@id\":\"https:\\\/\\\/agenciamarketingdigitalmiamifl.com\\\/gracias\\\/#primaryimage\"},\"thumbnailUrl\":\"https:\\\/\\\/agenciamarketingdigitalmiamifl.com\\\/wp-content\\\/uploads\\\/2024\\\/09\\\/Mercadeo-digital-de-resultados-en-miami.webp\",\"datePublished\":\"2021-02-01T21:44:02+00:00\",\"dateModified\":\"2024-09-16T13:55:48+00:00\",\"breadcrumb\":{\"@id\":\"https:\\\/\\\/agenciamarketingdigitalmiamifl.com\\\/gracias\\\/#breadcrumb\"},\"inLanguage\":\"en-US\",\"potentialAction\":[{\"@type\":\"ReadAction\",\"target\":[\"https:\\\/\\\/agenciamarketingdigitalmiamifl.com\\\/gracias\\\/\"]}]},{\"@type\":\"ImageObject\",\"inLanguage\":\"en-US\",\"@id\":\"https:\\\/\\\/agenciamarketingdigitalmiamifl.com\\\/gracias\\\/#primaryimage\",\"url\":\"https:\\\/\\\/agenciamarketingdigitalmiamifl.com\\\/wp-content\\\/uploads\\\/2024\\\/09\\\/Mercadeo-digital-de-resultados-en-miami.webp\",\"contentUrl\":\"https:\\\/\\\/agenciamarketingdigitalmiamifl.com\\\/wp-content\\\/uploads\\\/2024\\\/09\\\/Mercadeo-digital-de-resultados-en-miami.webp\"},{\"@type\":\"BreadcrumbList\",\"@id\":\"https:\\\/\\\/agenciamarketingdigitalmiamifl.com\\\/gracias\\\/#breadcrumb\",\"itemListElement\":[{\"@type\":\"ListItem\",\"position\":1,\"name\":\"Home\",\"item\":\"https:\\\/\\\/agenciamarketingdigitalmiamifl.com\\\/\"},{\"@type\":\"ListItem\",\"position\":2,\"name\":\"Gracias\"}]},{\"@type\":\"WebSite\",\"@id\":\"https:\\\/\\\/agenciamarketingdigitalmiamifl.com\\\/#website\",\"url\":\"https:\\\/\\\/agenciamarketingdigitalmiamifl.com\\\/\",\"name\":\"Agencia De Marketing Digital Miami\",\"description\":\"En Agencia De Marketing Digital Miami Nuestra funci\u00f3n es que usted logre sus objetivos\",\"publisher\":{\"@id\":\"https:\\\/\\\/agenciamarketingdigitalmiamifl.com\\\/#organization\"},\"potentialAction\":[{\"@type\":\"SearchAction\",\"target\":{\"@type\":\"EntryPoint\",\"urlTemplate\":\"https:\\\/\\\/agenciamarketingdigitalmiamifl.com\\\/?s={search_term_string}\"},\"query-input\":{\"@type\":\"PropertyValueSpecification\",\"valueRequired\":true,\"valueName\":\"search_term_string\"}}],\"inLanguage\":\"en-US\"},{\"@type\":\"Organization\",\"@id\":\"https:\\\/\\\/agenciamarketingdigitalmiamifl.com\\\/#organization\",\"name\":\"Agencia De Marketing Digital Miami\",\"url\":\"https:\\\/\\\/agenciamarketingdigitalmiamifl.com\\\/\",\"logo\":{\"@type\":\"ImageObject\",\"inLanguage\":\"en-US\",\"@id\":\"https:\\\/\\\/agenciamarketingdigitalmiamifl.com\\\/#\\\/schema\\\/logo\\\/image\\\/\",\"url\":\"https:\\\/\\\/agenciamarketingdigitalmiamifl.com\\\/wp-content\\\/uploads\\\/2024\\\/09\\\/cropped-Logo.webp\",\"contentUrl\":\"https:\\\/\\\/agenciamarketingdigitalmiamifl.com\\\/wp-content\\\/uploads\\\/2024\\\/09\\\/cropped-Logo.webp\",\"width\":290,\"height\":200,\"caption\":\"Agencia De Marketing Digital Miami\"},\"image\":{\"@id\":\"https:\\\/\\\/agenciamarketingdigitalmiamifl.com\\\/#\\\/schema\\\/logo\\\/image\\\/\"}}]}<\/script>\n<!-- \/ Yoast SEO plugin. -->","yoast_head_json":{"title":"Gracias - Agencia De Marketing Digital Miami","robots":{"index":"index","follow":"follow","max-snippet":"max-snippet:-1","max-image-preview":"max-image-preview:large","max-video-preview":"max-video-preview:-1"},"canonical":"https:\/\/agenciamarketingdigitalmiamifl.com\/en\/gracias\/","og_locale":"en_US","og_type":"article","og_title":"Gracias - Agencia De Marketing Digital Miami","og_description":"Muchas Gracias por su comunicaci\u00f3n. Un miembro de nuestro equipo estar\u00e1 d\u00e1ndole seguimiento a su solicitud. bert@grupo-gerencial.com +305-896-5896","og_url":"https:\/\/agenciamarketingdigitalmiamifl.com\/en\/gracias\/","og_site_name":"Agencia De Marketing Digital Miami","article_modified_time":"2024-09-16T13:55:48+00:00","og_image":[{"url":"https:\/\/agenciamarketingdigitalmiamifl.com\/wp-content\/uploads\/2024\/09\/Mercadeo-digital-de-resultados-en-miami.webp","type":"","width":"","height":""}],"twitter_card":"summary_large_image","twitter_misc":{"Est. reading time":"1 minute"},"schema":{"@context":"https:\/\/schema.org","@graph":[{"@type":"WebPage","@id":"https:\/\/agenciamarketingdigitalmiamifl.com\/gracias\/","url":"https:\/\/agenciamarketingdigitalmiamifl.com\/gracias\/","name":"Gracias - Agencia De Marketing Digital Miami","isPartOf":{"@id":"https:\/\/agenciamarketingdigitalmiamifl.com\/#website"},"primaryImageOfPage":{"@id":"https:\/\/agenciamarketingdigitalmiamifl.com\/gracias\/#primaryimage"},"image":{"@id":"https:\/\/agenciamarketingdigitalmiamifl.com\/gracias\/#primaryimage"},"thumbnailUrl":"https:\/\/agenciamarketingdigitalmiamifl.com\/wp-content\/uploads\/2024\/09\/Mercadeo-digital-de-resultados-en-miami.webp","datePublished":"2021-02-01T21:44:02+00:00","dateModified":"2024-09-16T13:55:48+00:00","breadcrumb":{"@id":"https:\/\/agenciamarketingdigitalmiamifl.com\/gracias\/#breadcrumb"},"inLanguage":"en-US","potentialAction":[{"@type":"ReadAction","target":["https:\/\/agenciamarketingdigitalmiamifl.com\/gracias\/"]}]},{"@type":"ImageObject","inLanguage":"en-US","@id":"https:\/\/agenciamarketingdigitalmiamifl.com\/gracias\/#primaryimage","url":"https:\/\/agenciamarketingdigitalmiamifl.com\/wp-content\/uploads\/2024\/09\/Mercadeo-digital-de-resultados-en-miami.webp","contentUrl":"https:\/\/agenciamarketingdigitalmiamifl.com\/wp-content\/uploads\/2024\/09\/Mercadeo-digital-de-resultados-en-miami.webp"},{"@type":"BreadcrumbList","@id":"https:\/\/agenciamarketingdigitalmiamifl.com\/gracias\/#breadcrumb","itemListElement":[{"@type":"ListItem","position":1,"name":"Home","item":"https:\/\/agenciamarketingdigitalmiamifl.com\/"},{"@type":"ListItem","position":2,"name":"Gracias"}]},{"@type":"WebSite","@id":"https:\/\/agenciamarketingdigitalmiamifl.com\/#website","url":"https:\/\/agenciamarketingdigitalmiamifl.com\/","name":"Agencia De Marketing Digital Miami","description":"En Agencia De Marketing Digital Miami Nuestra funci\u00f3n es que usted logre sus objetivos","publisher":{"@id":"https:\/\/agenciamarketingdigitalmiamifl.com\/#organization"},"potentialAction":[{"@type":"SearchAction","target":{"@type":"EntryPoint","urlTemplate":"https:\/\/agenciamarketingdigitalmiamifl.com\/?s={search_term_string}"},"query-input":{"@type":"PropertyValueSpecification","valueRequired":true,"valueName":"search_term_string"}}],"inLanguage":"en-US"},{"@type":"Organization","@id":"https:\/\/agenciamarketingdigitalmiamifl.com\/#organization","name":"Agencia De Marketing Digital Miami","url":"https:\/\/agenciamarketingdigitalmiamifl.com\/","logo":{"@type":"ImageObject","inLanguage":"en-US","@id":"https:\/\/agenciamarketingdigitalmiamifl.com\/#\/schema\/logo\/image\/","url":"https:\/\/agenciamarketingdigitalmiamifl.com\/wp-content\/uploads\/2024\/09\/cropped-Logo.webp","contentUrl":"https:\/\/agenciamarketingdigitalmiamifl.com\/wp-content\/uploads\/2024\/09\/cropped-Logo.webp","width":290,"height":200,"caption":"Agencia De Marketing Digital Miami"},"image":{"@id":"https:\/\/agenciamarketingdigitalmiamifl.com\/#\/schema\/logo\/image\/"}}]}},"_links":{"self":[{"href":"https:\/\/agenciamarketingdigitalmiamifl.com\/en\/wp-json\/wp\/v2\/pages\/1795","targetHints":{"allow":["GET"]}}],"collection":[{"href":"https:\/\/agenciamarketingdigitalmiamifl.com\/en\/wp-json\/wp\/v2\/pages"}],"about":[{"href":"https:\/\/agenciamarketingdigitalmiamifl.com\/en\/wp-json\/wp\/v2\/types\/page"}],"author":[{"embeddable":true,"href":"https:\/\/agenciamarketingdigitalmiamifl.com\/en\/wp-json\/wp\/v2\/users\/2"}],"replies":[{"embeddable":true,"href":"https:\/\/agenciamarketingdigitalmiamifl.com\/en\/wp-json\/wp\/v2\/comments?post=1795"}],"version-history":[{"count":0,"href":"https:\/\/agenciamarketingdigitalmiamifl.com\/en\/wp-json\/wp\/v2\/pages\/1795\/revisions"}],"wp:attachment":[{"href":"https:\/\/agenciamarketingdigitalmiamifl.com\/en\/wp-json\/wp\/v2\/media?parent=1795"}],"curies":[{"name":"wp","href":"https:\/\/api.w.org\/{rel}","templated":true}]}}